{"id":109,"date":"2016-08-30T21:08:39","date_gmt":"2016-08-30T19:08:39","guid":{"rendered":"http:\/\/dev.irland-fan.de\/?page_id=109"},"modified":"2022-03-07T15:21:54","modified_gmt":"2022-03-07T14:21:54","slug":"the-bogs-of-shanaheever-das-moor-um-shanaheever","status":"publish","type":"page","link":"https:\/\/www.irland-fan.de\/?page_id=109","title":{"rendered":"Das Moor um Shanaheever (The bogs of Shanaheever)"},"content":{"rendered":"<p>Am Nordhang des H\u00fcgels<br \/>\ndas alte Haus,<br \/>\nvom Vater den Eltern gebaut,<br \/>\nseinem Sohn \u00fcbergeben.<br \/>\nVon Steinmauern ges\u00e4umte<br \/>\nM\u00fchsam dem Moor abgerungene Felder.<\/p>\n<p>Mit starker Hand<br \/>\nH\u00e4lt der Sohn<br \/>\nzur Schur die bl\u00f6kenden Schafe.<br \/>\nSchnell ist das Flies von willigen Helfern gerollt.<\/p>\n<p>Abseits in hochhackigen Schuhen<br \/>\ndie Schwester.<br \/>\nMit 17 ging sie nach Amerika.<br \/>\nnach 17 Jahren kehrte sie zur\u00fcck<br \/>\nin diese Welt &#8211;<br \/>\nnicht mehr die ihre.<\/p>\n","protected":false},"excerpt":{"rendered":"<p>Am Nordhang des H\u00fcgels das alte Haus, vom Vater den Eltern gebaut, seinem Sohn \u00fcbergeben. Von Steinmauern ges\u00e4umte M\u00fchsam dem Moor abgerungene Felder. Mit starker Hand H\u00e4lt der Sohn zur Schur die bl\u00f6kenden Schafe. Schnell ist das Flies von willigen Helfern gerollt. Abseits in hochhackigen Schuhen die Schwester. Mit 17 ging sie nach Amerika. nach [&hellip;]<\/p>\n","protected":false},"author":2,"featured_media":0,"parent":68,"menu_order":0,"comment_status":"closed","ping_status":"closed","template":"","meta":{"footnotes":""},"class_list":["post-109","page","type-page","status-publish","hentry"],"_links":{"self":[{"href":"https:\/\/www.irland-fan.de\/index.php?rest_route=\/wp\/v2\/pages\/109","targetHints":{"allow":["GET"]}}],"collection":[{"href":"https:\/\/www.irland-fan.de\/index.php?rest_route=\/wp\/v2\/pages"}],"about":[{"href":"https:\/\/www.irland-fan.de\/index.php?rest_route=\/wp\/v2\/types\/page"}],"author":[{"embeddable":true,"href":"https:\/\/www.irland-fan.de\/index.php?rest_route=\/wp\/v2\/users\/2"}],"replies":[{"embeddable":true,"href":"https:\/\/www.irland-fan.de\/index.php?rest_route=%2Fwp%2Fv2%2Fcomments&post=109"}],"version-history":[{"count":2,"href":"https:\/\/www.irland-fan.de\/index.php?rest_route=\/wp\/v2\/pages\/109\/revisions"}],"predecessor-version":[{"id":663,"href":"https:\/\/www.irland-fan.de\/index.php?rest_route=\/wp\/v2\/pages\/109\/revisions\/663"}],"up":[{"embeddable":true,"href":"https:\/\/www.irland-fan.de\/index.php?rest_route=\/wp\/v2\/pages\/68"}],"wp:attachment":[{"href":"https:\/\/www.irland-fan.de\/index.php?rest_route=%2Fwp%2Fv2%2Fmedia&parent=109"}],"curies":[{"name":"wp","href":"https:\/\/api.w.org\/{rel}","templated":true}]}}