{"id":118,"date":"2016-08-30T21:12:33","date_gmt":"2016-08-30T19:12:33","guid":{"rendered":"http:\/\/dev.irland-fan.de\/?page_id=118"},"modified":"2016-12-14T17:17:08","modified_gmt":"2016-12-14T16:17:08","slug":"mayo-god-help-us-mayo-gott-helfe-uns","status":"publish","type":"page","link":"https:\/\/www.irland-fan.de\/?page_id=118","title":{"rendered":"Mayo &#8211; God help us &#8211; Mayo &#8211; Gott helfe uns"},"content":{"rendered":"<p>Mitten im Moor zehn H\u00e4user &#8211;<br \/>\nein Dorf in Mayo.<br \/>\nKalt fegt der Wind<br \/>\ndurch die einzige Stra\u00dfe.<br \/>\nEin Pub &#8211;<br \/>\nzur Mittagszeit keine G\u00e4ste.<br \/>\nIm Hinterzimmer<br \/>\nnur klappernde Automaten.<br \/>\nSechs alte Frauen<br \/>\nspielen bar aller Hoffnung<br \/>\nam Ende der Welt<br \/>\num Gl\u00fcck &#8211;<br \/>\num Geld.<\/p>\n","protected":false},"excerpt":{"rendered":"<p>Mitten im Moor zehn H\u00e4user &#8211; ein Dorf in Mayo. Kalt fegt der Wind durch die einzige Stra\u00dfe. Ein Pub &#8211; zur Mittagszeit keine G\u00e4ste. Im Hinterzimmer nur klappernde Automaten. Sechs alte Frauen spielen bar aller Hoffnung am Ende der Welt um Gl\u00fcck &#8211; um Geld.<\/p>\n","protected":false},"author":2,"featured_media":0,"parent":68,"menu_order":0,"comment_status":"closed","ping_status":"closed","template":"","meta":{"footnotes":""},"class_list":["post-118","page","type-page","status-publish","hentry"],"_links":{"self":[{"href":"https:\/\/www.irland-fan.de\/index.php?rest_route=\/wp\/v2\/pages\/118","targetHints":{"allow":["GET"]}}],"collection":[{"href":"https:\/\/www.irland-fan.de\/index.php?rest_route=\/wp\/v2\/pages"}],"about":[{"href":"https:\/\/www.irland-fan.de\/index.php?rest_route=\/wp\/v2\/types\/page"}],"author":[{"embeddable":true,"href":"https:\/\/www.irland-fan.de\/index.php?rest_route=\/wp\/v2\/users\/2"}],"replies":[{"embeddable":true,"href":"https:\/\/www.irland-fan.de\/index.php?rest_route=%2Fwp%2Fv2%2Fcomments&post=118"}],"version-history":[{"count":1,"href":"https:\/\/www.irland-fan.de\/index.php?rest_route=\/wp\/v2\/pages\/118\/revisions"}],"predecessor-version":[{"id":119,"href":"https:\/\/www.irland-fan.de\/index.php?rest_route=\/wp\/v2\/pages\/118\/revisions\/119"}],"up":[{"embeddable":true,"href":"https:\/\/www.irland-fan.de\/index.php?rest_route=\/wp\/v2\/pages\/68"}],"wp:attachment":[{"href":"https:\/\/www.irland-fan.de\/index.php?rest_route=%2Fwp%2Fv2%2Fmedia&parent=118"}],"curies":[{"name":"wp","href":"https:\/\/api.w.org\/{rel}","templated":true}]}}