{"id":121,"date":"2016-08-30T21:13:14","date_gmt":"2016-08-30T19:13:14","guid":{"rendered":"http:\/\/dev.irland-fan.de\/?page_id=121"},"modified":"2016-12-14T17:17:29","modified_gmt":"2016-12-14T16:17:29","slug":"veraenderung","status":"publish","type":"page","link":"https:\/\/www.irland-fan.de\/?page_id=121","title":{"rendered":"Ver\u00e4nderung"},"content":{"rendered":"<p>Dann pl\u00f6tzlich dieser Blick aufs Meer,<br \/>\nauf Felsen, Str\u00e4nde, kleine Buchten,<br \/>\nWolkenb\u00e4nke regenschwer,<br \/>\nsch\u00e4umende Gischt,<br \/>\nan Klippen gebrochen,<br \/>\nd\u00fcmpelnde Curraghs in der Bay,<br \/>\nwei\u00dfe Cottages hinter Mauern.<br \/>\nEin Blick zur\u00fcck zu den stummen Bergen\u2026<br \/>\nSag mein Herz:<br \/>\nSolltest Du trauern?<\/p>\n","protected":false},"excerpt":{"rendered":"<p>Dann pl\u00f6tzlich dieser Blick aufs Meer, auf Felsen, Str\u00e4nde, kleine Buchten, Wolkenb\u00e4nke regenschwer, sch\u00e4umende Gischt, an Klippen gebrochen, d\u00fcmpelnde Curraghs in der Bay, wei\u00dfe Cottages hinter Mauern. Ein Blick zur\u00fcck zu den stummen Bergen\u2026 Sag mein Herz: Solltest Du trauern?<\/p>\n","protected":false},"author":2,"featured_media":0,"parent":68,"menu_order":0,"comment_status":"closed","ping_status":"closed","template":"","meta":{"footnotes":""},"class_list":["post-121","page","type-page","status-publish","hentry"],"_links":{"self":[{"href":"https:\/\/www.irland-fan.de\/index.php?rest_route=\/wp\/v2\/pages\/121","targetHints":{"allow":["GET"]}}],"collection":[{"href":"https:\/\/www.irland-fan.de\/index.php?rest_route=\/wp\/v2\/pages"}],"about":[{"href":"https:\/\/www.irland-fan.de\/index.php?rest_route=\/wp\/v2\/types\/page"}],"author":[{"embeddable":true,"href":"https:\/\/www.irland-fan.de\/index.php?rest_route=\/wp\/v2\/users\/2"}],"replies":[{"embeddable":true,"href":"https:\/\/www.irland-fan.de\/index.php?rest_route=%2Fwp%2Fv2%2Fcomments&post=121"}],"version-history":[{"count":2,"href":"https:\/\/www.irland-fan.de\/index.php?rest_route=\/wp\/v2\/pages\/121\/revisions"}],"predecessor-version":[{"id":474,"href":"https:\/\/www.irland-fan.de\/index.php?rest_route=\/wp\/v2\/pages\/121\/revisions\/474"}],"up":[{"embeddable":true,"href":"https:\/\/www.irland-fan.de\/index.php?rest_route=\/wp\/v2\/pages\/68"}],"wp:attachment":[{"href":"https:\/\/www.irland-fan.de\/index.php?rest_route=%2Fwp%2Fv2%2Fmedia&parent=121"}],"curies":[{"name":"wp","href":"https:\/\/api.w.org\/{rel}","templated":true}]}}