{"id":125,"date":"2016-08-30T21:18:30","date_gmt":"2016-08-30T19:18:30","guid":{"rendered":"http:\/\/dev.irland-fan.de\/?page_id=125"},"modified":"2022-03-07T15:21:26","modified_gmt":"2022-03-07T14:21:26","slug":"irish-gardens-irischer-garten","status":"publish","type":"page","link":"https:\/\/www.irland-fan.de\/?page_id=125","title":{"rendered":"Irischer Garten (Irish garden )"},"content":{"rendered":"<p><b><img loading=\"lazy\" decoding=\"async\" class=\"size-medium wp-image-94 alignright\" src=\"https:\/\/www.irland-fan.de\/wp-content\/uploads\/2016\/08\/schaf-300x203.jpg\" alt=\"schaf\" width=\"300\" height=\"203\" srcset=\"https:\/\/www.irland-fan.de\/wp-content\/uploads\/2016\/08\/schaf-300x203.jpg 300w, https:\/\/www.irland-fan.de\/wp-content\/uploads\/2016\/08\/schaf.jpg 550w\" sizes=\"auto, (max-width: 300px) 100vw, 300px\" \/><\/b>Feuerrote Fuchsienhecken.<br \/>\nFarne, die das Land bedecken,<br \/>\nSchl\u00fcsselblumen,<br \/>\nMargariten,<br \/>\nRhododendren<br \/>\nund in Mitten<br \/>\nleuchtend gelber Ginsterb\u00fcsche<br \/>\nGl\u00f6ckchenheide,<br \/>\nKirchlorbeer.<br \/>\n\u00dcber einem Veillchenmeer<br \/>\nMontbretienrispen<br \/>\norangerot<br \/>\nWollgrasfl\u00f6ckchen hier und da<br \/>\nKnabenkraut,<br \/>\nVeronica,<br \/>\nWei\u00dfdorn, knorrig, sturmgebeugt,<br \/>\nSeerosen, im Schilf verstreut.<br \/>\nGei\u00dfblatt rauht um Efeumauern,<br \/>\nEbereschen wehn im Wind.<br \/>\nRegenbogen zwischen Schauern<br \/>\nleuchten in der Luft so lind.<\/p>\n","protected":false},"excerpt":{"rendered":"<p>Feuerrote Fuchsienhecken. Farne, die das Land bedecken, Schl\u00fcsselblumen, Margariten, Rhododendren und in Mitten leuchtend gelber Ginsterb\u00fcsche Gl\u00f6ckchenheide, Kirchlorbeer. \u00dcber einem Veillchenmeer Montbretienrispen orangerot Wollgrasfl\u00f6ckchen hier und da Knabenkraut, Veronica, Wei\u00dfdorn, knorrig, sturmgebeugt, Seerosen, im Schilf verstreut. Gei\u00dfblatt rauht um Efeumauern, Ebereschen wehn im Wind. Regenbogen zwischen Schauern leuchten in der Luft so lind.<\/p>\n","protected":false},"author":2,"featured_media":0,"parent":68,"menu_order":0,"comment_status":"closed","ping_status":"closed","template":"","meta":{"footnotes":""},"class_list":["post-125","page","type-page","status-publish","hentry"],"_links":{"self":[{"href":"https:\/\/www.irland-fan.de\/index.php?rest_route=\/wp\/v2\/pages\/125","targetHints":{"allow":["GET"]}}],"collection":[{"href":"https:\/\/www.irland-fan.de\/index.php?rest_route=\/wp\/v2\/pages"}],"about":[{"href":"https:\/\/www.irland-fan.de\/index.php?rest_route=\/wp\/v2\/types\/page"}],"author":[{"embeddable":true,"href":"https:\/\/www.irland-fan.de\/index.php?rest_route=\/wp\/v2\/users\/2"}],"replies":[{"embeddable":true,"href":"https:\/\/www.irland-fan.de\/index.php?rest_route=%2Fwp%2Fv2%2Fcomments&post=125"}],"version-history":[{"count":3,"href":"https:\/\/www.irland-fan.de\/index.php?rest_route=\/wp\/v2\/pages\/125\/revisions"}],"predecessor-version":[{"id":662,"href":"https:\/\/www.irland-fan.de\/index.php?rest_route=\/wp\/v2\/pages\/125\/revisions\/662"}],"up":[{"embeddable":true,"href":"https:\/\/www.irland-fan.de\/index.php?rest_route=\/wp\/v2\/pages\/68"}],"wp:attachment":[{"href":"https:\/\/www.irland-fan.de\/index.php?rest_route=%2Fwp%2Fv2%2Fmedia&parent=125"}],"curies":[{"name":"wp","href":"https:\/\/api.w.org\/{rel}","templated":true}]}}