{"id":132,"date":"2016-08-30T21:37:23","date_gmt":"2016-08-30T19:37:23","guid":{"rendered":"http:\/\/dev.irland-fan.de\/?page_id=132"},"modified":"2016-12-14T17:28:26","modified_gmt":"2016-12-14T16:28:26","slug":"fahrt-nach-sachsen","status":"publish","type":"page","link":"https:\/\/www.irland-fan.de\/?page_id=132","title":{"rendered":"Fahrt nach Sachsen"},"content":{"rendered":"<p>Birken meiner Kinderzeit<br \/>\nwei\u00dfer Stamm<br \/>\nlichtgr\u00fcnes Kleid<\/p>\n<p>goldner Ton der Weizenfelder<br \/>\nhinter H\u00fcgeln<br \/>\ndunkle W\u00e4lder<\/p>\n<p>und der Kirchen Glockenklang<br \/>\nr\u00fchren tief in meinerm Herzen<br \/>\nein Gef\u00fchl von Heimat an.<\/p>\n<p>&nbsp;<\/p>\n","protected":false},"excerpt":{"rendered":"<p>Birken meiner Kinderzeit wei\u00dfer Stamm lichtgr\u00fcnes Kleid goldner Ton der Weizenfelder hinter H\u00fcgeln dunkle W\u00e4lder und der Kirchen Glockenklang r\u00fchren tief in meinerm Herzen ein Gef\u00fchl von Heimat an. &nbsp;<\/p>\n","protected":false},"author":2,"featured_media":0,"parent":82,"menu_order":0,"comment_status":"closed","ping_status":"closed","template":"","meta":{"footnotes":""},"class_list":["post-132","page","type-page","status-publish","hentry"],"_links":{"self":[{"href":"https:\/\/www.irland-fan.de\/index.php?rest_route=\/wp\/v2\/pages\/132","targetHints":{"allow":["GET"]}}],"collection":[{"href":"https:\/\/www.irland-fan.de\/index.php?rest_route=\/wp\/v2\/pages"}],"about":[{"href":"https:\/\/www.irland-fan.de\/index.php?rest_route=\/wp\/v2\/types\/page"}],"author":[{"embeddable":true,"href":"https:\/\/www.irland-fan.de\/index.php?rest_route=\/wp\/v2\/users\/2"}],"replies":[{"embeddable":true,"href":"https:\/\/www.irland-fan.de\/index.php?rest_route=%2Fwp%2Fv2%2Fcomments&post=132"}],"version-history":[{"count":2,"href":"https:\/\/www.irland-fan.de\/index.php?rest_route=\/wp\/v2\/pages\/132\/revisions"}],"predecessor-version":[{"id":135,"href":"https:\/\/www.irland-fan.de\/index.php?rest_route=\/wp\/v2\/pages\/132\/revisions\/135"}],"up":[{"embeddable":true,"href":"https:\/\/www.irland-fan.de\/index.php?rest_route=\/wp\/v2\/pages\/82"}],"wp:attachment":[{"href":"https:\/\/www.irland-fan.de\/index.php?rest_route=%2Fwp%2Fv2%2Fmedia&parent=132"}],"curies":[{"name":"wp","href":"https:\/\/api.w.org\/{rel}","templated":true}]}}