{"id":154,"date":"2016-08-30T21:51:43","date_gmt":"2016-08-30T19:51:43","guid":{"rendered":"http:\/\/dev.irland-fan.de\/?page_id=154"},"modified":"2016-12-14T13:48:16","modified_gmt":"2016-12-14T12:48:16","slug":"fruehlingsfahrt-durch-das-ruhrgebiet","status":"publish","type":"page","link":"https:\/\/www.irland-fan.de\/?page_id=154","title":{"rendered":"Fr\u00fchlingsfahrt durch das Ruhrgebiet"},"content":{"rendered":"<p>Und dennoch werden B\u00e4ume gr\u00fcn<br \/>\ntrotz Rauch und Qualm und saurem Regen<br \/>\nund Treibhauseffekt in der Luft,<br \/>\ntrotz Dioxin auf Giftm\u00fcllhalden<br \/>\nund Plastikschrott am Wiesenrain,<br \/>\ntrotz Gifteinleitung in die Fl\u00fcsse<br \/>\nund Schwer\u00f6laltlast auf der Flur.<\/p>\n<p>Dennoch werden B\u00e4ume gr\u00fcn.<\/p>\n","protected":false},"excerpt":{"rendered":"<p>Und dennoch werden B\u00e4ume gr\u00fcn trotz Rauch und Qualm und saurem Regen und Treibhauseffekt in der Luft, trotz Dioxin auf Giftm\u00fcllhalden und Plastikschrott am Wiesenrain, trotz Gifteinleitung in die Fl\u00fcsse und Schwer\u00f6laltlast auf der Flur. Dennoch werden B\u00e4ume gr\u00fcn.<\/p>\n","protected":false},"author":2,"featured_media":0,"parent":64,"menu_order":0,"comment_status":"closed","ping_status":"closed","template":"","meta":{"footnotes":""},"class_list":["post-154","page","type-page","status-publish","hentry"],"_links":{"self":[{"href":"https:\/\/www.irland-fan.de\/index.php?rest_route=\/wp\/v2\/pages\/154","targetHints":{"allow":["GET"]}}],"collection":[{"href":"https:\/\/www.irland-fan.de\/index.php?rest_route=\/wp\/v2\/pages"}],"about":[{"href":"https:\/\/www.irland-fan.de\/index.php?rest_route=\/wp\/v2\/types\/page"}],"author":[{"embeddable":true,"href":"https:\/\/www.irland-fan.de\/index.php?rest_route=\/wp\/v2\/users\/2"}],"replies":[{"embeddable":true,"href":"https:\/\/www.irland-fan.de\/index.php?rest_route=%2Fwp%2Fv2%2Fcomments&post=154"}],"version-history":[{"count":1,"href":"https:\/\/www.irland-fan.de\/index.php?rest_route=\/wp\/v2\/pages\/154\/revisions"}],"predecessor-version":[{"id":155,"href":"https:\/\/www.irland-fan.de\/index.php?rest_route=\/wp\/v2\/pages\/154\/revisions\/155"}],"up":[{"embeddable":true,"href":"https:\/\/www.irland-fan.de\/index.php?rest_route=\/wp\/v2\/pages\/64"}],"wp:attachment":[{"href":"https:\/\/www.irland-fan.de\/index.php?rest_route=%2Fwp%2Fv2%2Fmedia&parent=154"}],"curies":[{"name":"wp","href":"https:\/\/api.w.org\/{rel}","templated":true}]}}