{"id":159,"date":"2016-08-30T21:53:41","date_gmt":"2016-08-30T19:53:41","guid":{"rendered":"http:\/\/dev.irland-fan.de\/?page_id=159"},"modified":"2016-12-14T14:23:58","modified_gmt":"2016-12-14T13:23:58","slug":"sommerabend","status":"publish","type":"page","link":"https:\/\/www.irland-fan.de\/?page_id=159","title":{"rendered":"Sommerabend"},"content":{"rendered":"<p>Duftende Kamille,<br \/>\nleuchtendroter Mohn,<br \/>\nbl\u00fchender Holunder,<br \/>\nsonnenreifes Korn,<\/p>\n<p>Duft von tausend Bl\u00fcten<br \/>\nstreift durch gr\u00fcnes Gras<br \/>\nmacht, da\u00df meine Seele<br \/>\nihren Schmerz verga\u00df.<\/p>\n<p>Goldner Abendhimmel<br \/>\n\u00fcberm stillen Feld<br \/>\nschenkt mir tiefen Frieden<br \/>\nin der lauten Welt.<\/p>\n","protected":false},"excerpt":{"rendered":"<p>Duftende Kamille, leuchtendroter Mohn, bl\u00fchender Holunder, sonnenreifes Korn, Duft von tausend Bl\u00fcten streift durch gr\u00fcnes Gras macht, da\u00df meine Seele ihren Schmerz verga\u00df. Goldner Abendhimmel \u00fcberm stillen Feld schenkt mir tiefen Frieden in der lauten Welt.<\/p>\n","protected":false},"author":2,"featured_media":0,"parent":64,"menu_order":0,"comment_status":"closed","ping_status":"closed","template":"","meta":{"footnotes":""},"class_list":["post-159","page","type-page","status-publish","hentry"],"_links":{"self":[{"href":"https:\/\/www.irland-fan.de\/index.php?rest_route=\/wp\/v2\/pages\/159","targetHints":{"allow":["GET"]}}],"collection":[{"href":"https:\/\/www.irland-fan.de\/index.php?rest_route=\/wp\/v2\/pages"}],"about":[{"href":"https:\/\/www.irland-fan.de\/index.php?rest_route=\/wp\/v2\/types\/page"}],"author":[{"embeddable":true,"href":"https:\/\/www.irland-fan.de\/index.php?rest_route=\/wp\/v2\/users\/2"}],"replies":[{"embeddable":true,"href":"https:\/\/www.irland-fan.de\/index.php?rest_route=%2Fwp%2Fv2%2Fcomments&post=159"}],"version-history":[{"count":1,"href":"https:\/\/www.irland-fan.de\/index.php?rest_route=\/wp\/v2\/pages\/159\/revisions"}],"predecessor-version":[{"id":160,"href":"https:\/\/www.irland-fan.de\/index.php?rest_route=\/wp\/v2\/pages\/159\/revisions\/160"}],"up":[{"embeddable":true,"href":"https:\/\/www.irland-fan.de\/index.php?rest_route=\/wp\/v2\/pages\/64"}],"wp:attachment":[{"href":"https:\/\/www.irland-fan.de\/index.php?rest_route=%2Fwp%2Fv2%2Fmedia&parent=159"}],"curies":[{"name":"wp","href":"https:\/\/api.w.org\/{rel}","templated":true}]}}