{"id":162,"date":"2016-08-30T21:54:17","date_gmt":"2016-08-30T19:54:17","guid":{"rendered":"http:\/\/dev.irland-fan.de\/?page_id=162"},"modified":"2016-12-14T14:28:21","modified_gmt":"2016-12-14T13:28:21","slug":"verloren","status":"publish","type":"page","link":"https:\/\/www.irland-fan.de\/?page_id=162","title":{"rendered":"Verloren"},"content":{"rendered":"<p>Schnee auf zarten Bl\u00fctenbl\u00e4ttern-<br \/>\nkalt und schwer-<br \/>\nerdr\u00fcckt das Herz.<\/p>\n<p>Gro\u00dfe, wei\u00dfe Flocken fallen<br \/>\nauf die Knospen<br \/>\nauf den Schmerz.<\/p>\n<p>Fr\u00fchlingsahnen liegt verschwiegen in der grauen Winterluft.<br \/>\nDoch kein Hoffen will sich regen<br \/>\nach, in meiner wehen Brust.<\/p>\n<p>Das ging mit dem Schnee verloren.<br \/>\nWerde ich es wiederfinden-<br \/>\nwenn im Sommer S\u00e4fte schwellen<br \/>\nin den hoffnungsgr\u00fcnen Linden?<\/p>\n","protected":false},"excerpt":{"rendered":"<p>Schnee auf zarten Bl\u00fctenbl\u00e4ttern- kalt und schwer- erdr\u00fcckt das Herz. Gro\u00dfe, wei\u00dfe Flocken fallen auf die Knospen auf den Schmerz. Fr\u00fchlingsahnen liegt verschwiegen in der grauen Winterluft. Doch kein Hoffen will sich regen ach, in meiner wehen Brust. Das ging mit dem Schnee verloren. Werde ich es wiederfinden- wenn im Sommer S\u00e4fte schwellen in den [&hellip;]<\/p>\n","protected":false},"author":2,"featured_media":0,"parent":64,"menu_order":0,"comment_status":"closed","ping_status":"closed","template":"","meta":{"footnotes":""},"class_list":["post-162","page","type-page","status-publish","hentry"],"_links":{"self":[{"href":"https:\/\/www.irland-fan.de\/index.php?rest_route=\/wp\/v2\/pages\/162","targetHints":{"allow":["GET"]}}],"collection":[{"href":"https:\/\/www.irland-fan.de\/index.php?rest_route=\/wp\/v2\/pages"}],"about":[{"href":"https:\/\/www.irland-fan.de\/index.php?rest_route=\/wp\/v2\/types\/page"}],"author":[{"embeddable":true,"href":"https:\/\/www.irland-fan.de\/index.php?rest_route=\/wp\/v2\/users\/2"}],"replies":[{"embeddable":true,"href":"https:\/\/www.irland-fan.de\/index.php?rest_route=%2Fwp%2Fv2%2Fcomments&post=162"}],"version-history":[{"count":1,"href":"https:\/\/www.irland-fan.de\/index.php?rest_route=\/wp\/v2\/pages\/162\/revisions"}],"predecessor-version":[{"id":163,"href":"https:\/\/www.irland-fan.de\/index.php?rest_route=\/wp\/v2\/pages\/162\/revisions\/163"}],"up":[{"embeddable":true,"href":"https:\/\/www.irland-fan.de\/index.php?rest_route=\/wp\/v2\/pages\/64"}],"wp:attachment":[{"href":"https:\/\/www.irland-fan.de\/index.php?rest_route=%2Fwp%2Fv2%2Fmedia&parent=162"}],"curies":[{"name":"wp","href":"https:\/\/api.w.org\/{rel}","templated":true}]}}