{"id":332,"date":"2016-10-17T13:39:57","date_gmt":"2016-10-17T11:39:57","guid":{"rendered":"http:\/\/www.irland-fan.de\/?page_id=332"},"modified":"2016-10-17T13:39:57","modified_gmt":"2016-10-17T11:39:57","slug":"connemara","status":"publish","type":"page","link":"https:\/\/www.irland-fan.de\/?page_id=332","title":{"rendered":"Connemara"},"content":{"rendered":"<style type=\"text\/css\">\n\t<!--\n\t\t@page { margin: 2cm }\n\t\tP { margin-bottom: 0.21cm }\n\t\tA:link { so-language: zxx }\n\t-->\n\t<\/style>\n<p>Klar blauer Himmel<\/p>\n<p>sch\u00e4rft die Konturen der Berge.<\/p>\n<p>Licht wechselt mit Schatten<\/p>\n<p>\u00fcber Heide und feucht braunem Moor.<\/p>\n<p>Silberne Seen schimmern wie Augen<\/p>\n<p>in T\u00e4lern und Senken.<\/p>\n<p>In der Stille<\/p>\n<p>bl\u00f6kt einsam ein Schaf.<\/p>\n","protected":false},"excerpt":{"rendered":"<p>Klar blauer Himmel sch\u00e4rft die Konturen der Berge. Licht wechselt mit Schatten \u00fcber Heide und feucht braunem Moor. Silberne Seen schimmern wie Augen in T\u00e4lern und Senken. In der Stille bl\u00f6kt einsam ein Schaf.<\/p>\n","protected":false},"author":3,"featured_media":0,"parent":68,"menu_order":0,"comment_status":"closed","ping_status":"closed","template":"","meta":{"footnotes":""},"class_list":["post-332","page","type-page","status-publish","hentry"],"_links":{"self":[{"href":"https:\/\/www.irland-fan.de\/index.php?rest_route=\/wp\/v2\/pages\/332","targetHints":{"allow":["GET"]}}],"collection":[{"href":"https:\/\/www.irland-fan.de\/index.php?rest_route=\/wp\/v2\/pages"}],"about":[{"href":"https:\/\/www.irland-fan.de\/index.php?rest_route=\/wp\/v2\/types\/page"}],"author":[{"embeddable":true,"href":"https:\/\/www.irland-fan.de\/index.php?rest_route=\/wp\/v2\/users\/3"}],"replies":[{"embeddable":true,"href":"https:\/\/www.irland-fan.de\/index.php?rest_route=%2Fwp%2Fv2%2Fcomments&post=332"}],"version-history":[{"count":1,"href":"https:\/\/www.irland-fan.de\/index.php?rest_route=\/wp\/v2\/pages\/332\/revisions"}],"predecessor-version":[{"id":333,"href":"https:\/\/www.irland-fan.de\/index.php?rest_route=\/wp\/v2\/pages\/332\/revisions\/333"}],"up":[{"embeddable":true,"href":"https:\/\/www.irland-fan.de\/index.php?rest_route=\/wp\/v2\/pages\/68"}],"wp:attachment":[{"href":"https:\/\/www.irland-fan.de\/index.php?rest_route=%2Fwp%2Fv2%2Fmedia&parent=332"}],"curies":[{"name":"wp","href":"https:\/\/api.w.org\/{rel}","templated":true}]}}