{"id":350,"date":"2016-10-28T22:04:31","date_gmt":"2016-10-28T20:04:31","guid":{"rendered":"http:\/\/www.irland-fan.de\/?page_id=350"},"modified":"2016-12-14T17:27:46","modified_gmt":"2016-12-14T16:27:46","slug":"dennoch","status":"publish","type":"page","link":"https:\/\/www.irland-fan.de\/?page_id=350","title":{"rendered":"Dennoch"},"content":{"rendered":"<p>Und dennoch schl\u00e4gt mein Herz,<br \/>\nschl\u00e4gt es auch nur f\u00fcr Dich,<br \/>\nund dennoch atme ich<br \/>\nin allem Schmerz<br \/>\nund dennoch singe ich<br \/>\nmein Lied<br \/>\nes gilt nur Dir<br \/>\nbist Du auch fern von mir<br \/>\nund dennoch lebe ich.<\/p>\n","protected":false},"excerpt":{"rendered":"<p>Und dennoch schl\u00e4gt mein Herz, schl\u00e4gt es auch nur f\u00fcr Dich, und dennoch atme ich in allem Schmerz und dennoch singe ich mein Lied es gilt nur Dir bist Du auch fern von mir und dennoch lebe ich.<\/p>\n","protected":false},"author":2,"featured_media":0,"parent":82,"menu_order":0,"comment_status":"closed","ping_status":"closed","template":"","meta":{"footnotes":""},"class_list":["post-350","page","type-page","status-publish","hentry"],"_links":{"self":[{"href":"https:\/\/www.irland-fan.de\/index.php?rest_route=\/wp\/v2\/pages\/350","targetHints":{"allow":["GET"]}}],"collection":[{"href":"https:\/\/www.irland-fan.de\/index.php?rest_route=\/wp\/v2\/pages"}],"about":[{"href":"https:\/\/www.irland-fan.de\/index.php?rest_route=\/wp\/v2\/types\/page"}],"author":[{"embeddable":true,"href":"https:\/\/www.irland-fan.de\/index.php?rest_route=\/wp\/v2\/users\/2"}],"replies":[{"embeddable":true,"href":"https:\/\/www.irland-fan.de\/index.php?rest_route=%2Fwp%2Fv2%2Fcomments&post=350"}],"version-history":[{"count":3,"href":"https:\/\/www.irland-fan.de\/index.php?rest_route=\/wp\/v2\/pages\/350\/revisions"}],"predecessor-version":[{"id":355,"href":"https:\/\/www.irland-fan.de\/index.php?rest_route=\/wp\/v2\/pages\/350\/revisions\/355"}],"up":[{"embeddable":true,"href":"https:\/\/www.irland-fan.de\/index.php?rest_route=\/wp\/v2\/pages\/82"}],"wp:attachment":[{"href":"https:\/\/www.irland-fan.de\/index.php?rest_route=%2Fwp%2Fv2%2Fmedia&parent=350"}],"curies":[{"name":"wp","href":"https:\/\/api.w.org\/{rel}","templated":true}]}}