{"id":352,"date":"2016-11-16T20:13:39","date_gmt":"2016-11-16T19:13:39","guid":{"rendered":"http:\/\/www.irland-fan.de\/?page_id=352"},"modified":"2016-12-14T17:28:01","modified_gmt":"2016-12-14T16:28:01","slug":"vorueber","status":"publish","type":"page","link":"https:\/\/www.irland-fan.de\/?page_id=352","title":{"rendered":"Vor\u00fcber"},"content":{"rendered":"<p><strong><em>\u00a0<\/em><\/strong><\/p>\n<p><em>Aus fernen Kindertagen<\/em><\/p>\n<p><em>weht seltsam ein Gef\u00fchl mich <\/em><em>an<\/em><\/p>\n<p><em>beim Anblick einer roten Sonne<\/em><\/p>\n<p><em>im nebelfahlen Abendschein<\/em><\/p>\n<p><em>und von <\/em><em>den <\/em><em>H\u00fcgeln,<\/em><\/p>\n<p><em>aus <\/em><em>den <\/em><em>T\u00e4lern<\/em><\/p>\n<p><em>steigt ein Hauch<\/em><\/p>\n<p><em>voll stiller Wehmut.<\/em><\/p>\n<p><em>\u00a0<\/em><\/p>\n<p>Ostern 2003, Fahrt nach Stuttgart<\/p>\n","protected":false},"excerpt":{"rendered":"<p>\u00a0 Aus fernen Kindertagen weht seltsam ein Gef\u00fchl mich an beim Anblick einer roten Sonne im nebelfahlen Abendschein und von den H\u00fcgeln, aus den T\u00e4lern steigt ein Hauch voll stiller Wehmut. \u00a0 Ostern 2003, Fahrt nach Stuttgart<\/p>\n","protected":false},"author":2,"featured_media":0,"parent":82,"menu_order":0,"comment_status":"closed","ping_status":"closed","template":"","meta":{"footnotes":""},"class_list":["post-352","page","type-page","status-publish","hentry"],"_links":{"self":[{"href":"https:\/\/www.irland-fan.de\/index.php?rest_route=\/wp\/v2\/pages\/352","targetHints":{"allow":["GET"]}}],"collection":[{"href":"https:\/\/www.irland-fan.de\/index.php?rest_route=\/wp\/v2\/pages"}],"about":[{"href":"https:\/\/www.irland-fan.de\/index.php?rest_route=\/wp\/v2\/types\/page"}],"author":[{"embeddable":true,"href":"https:\/\/www.irland-fan.de\/index.php?rest_route=\/wp\/v2\/users\/2"}],"replies":[{"embeddable":true,"href":"https:\/\/www.irland-fan.de\/index.php?rest_route=%2Fwp%2Fv2%2Fcomments&post=352"}],"version-history":[{"count":1,"href":"https:\/\/www.irland-fan.de\/index.php?rest_route=\/wp\/v2\/pages\/352\/revisions"}],"predecessor-version":[{"id":353,"href":"https:\/\/www.irland-fan.de\/index.php?rest_route=\/wp\/v2\/pages\/352\/revisions\/353"}],"up":[{"embeddable":true,"href":"https:\/\/www.irland-fan.de\/index.php?rest_route=\/wp\/v2\/pages\/82"}],"wp:attachment":[{"href":"https:\/\/www.irland-fan.de\/index.php?rest_route=%2Fwp%2Fv2%2Fmedia&parent=352"}],"curies":[{"name":"wp","href":"https:\/\/api.w.org\/{rel}","templated":true}]}}