{"id":356,"date":"2016-10-28T22:28:32","date_gmt":"2016-10-28T20:28:32","guid":{"rendered":"http:\/\/www.irland-fan.de\/?page_id=356"},"modified":"2016-12-14T17:27:58","modified_gmt":"2016-12-14T16:27:58","slug":"so","status":"publish","type":"page","link":"https:\/\/www.irland-fan.de\/?page_id=356","title":{"rendered":"So &#8230;"},"content":{"rendered":"<p><em>So hell schien der Mond<br \/>\nso <\/em>still war <em>die Nacht<br \/>\nso golden glitzerten Sterne<br \/>\nso rauschte das Meer&#8230;..<\/em><\/p>\n<p><em>In der K\u00fchle umher<br \/>\nsp\u00fcrten wir unsere W\u00e4rme.<\/em><\/p>\n<p>&nbsp;<\/p>\n<p><em>Hohwacht 25.04.2010<\/em><\/p>\n","protected":false},"excerpt":{"rendered":"<p>So hell schien der Mond so still war die Nacht so golden glitzerten Sterne so rauschte das Meer&#8230;.. In der K\u00fchle umher sp\u00fcrten wir unsere W\u00e4rme. &nbsp; Hohwacht 25.04.2010<\/p>\n","protected":false},"author":2,"featured_media":0,"parent":82,"menu_order":0,"comment_status":"closed","ping_status":"closed","template":"","meta":{"footnotes":""},"class_list":["post-356","page","type-page","status-publish","hentry"],"_links":{"self":[{"href":"https:\/\/www.irland-fan.de\/index.php?rest_route=\/wp\/v2\/pages\/356","targetHints":{"allow":["GET"]}}],"collection":[{"href":"https:\/\/www.irland-fan.de\/index.php?rest_route=\/wp\/v2\/pages"}],"about":[{"href":"https:\/\/www.irland-fan.de\/index.php?rest_route=\/wp\/v2\/types\/page"}],"author":[{"embeddable":true,"href":"https:\/\/www.irland-fan.de\/index.php?rest_route=\/wp\/v2\/users\/2"}],"replies":[{"embeddable":true,"href":"https:\/\/www.irland-fan.de\/index.php?rest_route=%2Fwp%2Fv2%2Fcomments&post=356"}],"version-history":[{"count":1,"href":"https:\/\/www.irland-fan.de\/index.php?rest_route=\/wp\/v2\/pages\/356\/revisions"}],"predecessor-version":[{"id":357,"href":"https:\/\/www.irland-fan.de\/index.php?rest_route=\/wp\/v2\/pages\/356\/revisions\/357"}],"up":[{"embeddable":true,"href":"https:\/\/www.irland-fan.de\/index.php?rest_route=\/wp\/v2\/pages\/82"}],"wp:attachment":[{"href":"https:\/\/www.irland-fan.de\/index.php?rest_route=%2Fwp%2Fv2%2Fmedia&parent=356"}],"curies":[{"name":"wp","href":"https:\/\/api.w.org\/{rel}","templated":true}]}}