{"id":358,"date":"2016-10-28T22:30:02","date_gmt":"2016-10-28T20:30:02","guid":{"rendered":"http:\/\/www.irland-fan.de\/?page_id=358"},"modified":"2016-12-14T17:28:00","modified_gmt":"2016-12-14T16:28:00","slug":"stufen","status":"publish","type":"page","link":"https:\/\/www.irland-fan.de\/?page_id=358","title":{"rendered":"Stufen"},"content":{"rendered":"<p>Die T\u00fcr fiel zu<br \/>\nnoch f\u00fchlte ich Deine Lippen<br \/>\nsp\u00fcrte den Schlag deines Herzens.<br \/>\nDann ging ich<br \/>\ndie Stufen<br \/>\nhinab<br \/>\nallein.<\/p>\n","protected":false},"excerpt":{"rendered":"<p>Die T\u00fcr fiel zu noch f\u00fchlte ich Deine Lippen sp\u00fcrte den Schlag deines Herzens. Dann ging ich die Stufen hinab allein.<\/p>\n","protected":false},"author":2,"featured_media":0,"parent":82,"menu_order":0,"comment_status":"closed","ping_status":"closed","template":"","meta":{"footnotes":""},"class_list":["post-358","page","type-page","status-publish","hentry"],"_links":{"self":[{"href":"https:\/\/www.irland-fan.de\/index.php?rest_route=\/wp\/v2\/pages\/358","targetHints":{"allow":["GET"]}}],"collection":[{"href":"https:\/\/www.irland-fan.de\/index.php?rest_route=\/wp\/v2\/pages"}],"about":[{"href":"https:\/\/www.irland-fan.de\/index.php?rest_route=\/wp\/v2\/types\/page"}],"author":[{"embeddable":true,"href":"https:\/\/www.irland-fan.de\/index.php?rest_route=\/wp\/v2\/users\/2"}],"replies":[{"embeddable":true,"href":"https:\/\/www.irland-fan.de\/index.php?rest_route=%2Fwp%2Fv2%2Fcomments&post=358"}],"version-history":[{"count":1,"href":"https:\/\/www.irland-fan.de\/index.php?rest_route=\/wp\/v2\/pages\/358\/revisions"}],"predecessor-version":[{"id":359,"href":"https:\/\/www.irland-fan.de\/index.php?rest_route=\/wp\/v2\/pages\/358\/revisions\/359"}],"up":[{"embeddable":true,"href":"https:\/\/www.irland-fan.de\/index.php?rest_route=\/wp\/v2\/pages\/82"}],"wp:attachment":[{"href":"https:\/\/www.irland-fan.de\/index.php?rest_route=%2Fwp%2Fv2%2Fmedia&parent=358"}],"curies":[{"name":"wp","href":"https:\/\/api.w.org\/{rel}","templated":true}]}}