{"id":362,"date":"2016-10-28T22:35:17","date_gmt":"2016-10-28T20:35:17","guid":{"rendered":"http:\/\/www.irland-fan.de\/?page_id=362"},"modified":"2016-12-14T17:27:56","modified_gmt":"2016-12-14T16:27:56","slug":"kennenlernen","status":"publish","type":"page","link":"https:\/\/www.irland-fan.de\/?page_id=362","title":{"rendered":"Kennenlernen"},"content":{"rendered":"<p>&nbsp;<\/p>\n<p>Noch bist Du fern<br \/>\nmir doch schon nah<br \/>\nin den geheimsten Tr\u00e4umen<br \/>\nkenn dich noch nicht<br \/>\ndoch was ich sah m\u00f6cht ich nicht mehr vers\u00e4umen<\/p>\n<p>&nbsp;<\/p>\n<p>Mai 2010<\/p>\n","protected":false},"excerpt":{"rendered":"<p>&nbsp; Noch bist Du fern mir doch schon nah in den geheimsten Tr\u00e4umen kenn dich noch nicht doch was ich sah m\u00f6cht ich nicht mehr vers\u00e4umen &nbsp; Mai 2010<\/p>\n","protected":false},"author":2,"featured_media":0,"parent":82,"menu_order":0,"comment_status":"closed","ping_status":"closed","template":"","meta":{"footnotes":""},"class_list":["post-362","page","type-page","status-publish","hentry"],"_links":{"self":[{"href":"https:\/\/www.irland-fan.de\/index.php?rest_route=\/wp\/v2\/pages\/362","targetHints":{"allow":["GET"]}}],"collection":[{"href":"https:\/\/www.irland-fan.de\/index.php?rest_route=\/wp\/v2\/pages"}],"about":[{"href":"https:\/\/www.irland-fan.de\/index.php?rest_route=\/wp\/v2\/types\/page"}],"author":[{"embeddable":true,"href":"https:\/\/www.irland-fan.de\/index.php?rest_route=\/wp\/v2\/users\/2"}],"replies":[{"embeddable":true,"href":"https:\/\/www.irland-fan.de\/index.php?rest_route=%2Fwp%2Fv2%2Fcomments&post=362"}],"version-history":[{"count":1,"href":"https:\/\/www.irland-fan.de\/index.php?rest_route=\/wp\/v2\/pages\/362\/revisions"}],"predecessor-version":[{"id":363,"href":"https:\/\/www.irland-fan.de\/index.php?rest_route=\/wp\/v2\/pages\/362\/revisions\/363"}],"up":[{"embeddable":true,"href":"https:\/\/www.irland-fan.de\/index.php?rest_route=\/wp\/v2\/pages\/82"}],"wp:attachment":[{"href":"https:\/\/www.irland-fan.de\/index.php?rest_route=%2Fwp%2Fv2%2Fmedia&parent=362"}],"curies":[{"name":"wp","href":"https:\/\/api.w.org\/{rel}","templated":true}]}}