{"id":410,"date":"2016-11-16T19:56:11","date_gmt":"2016-11-16T18:56:11","guid":{"rendered":"http:\/\/www.irland-fan.de\/?page_id=410"},"modified":"2016-12-14T14:28:12","modified_gmt":"2016-12-14T13:28:12","slug":"herbst","status":"publish","type":"page","link":"https:\/\/www.irland-fan.de\/?page_id=410","title":{"rendered":"Herbst"},"content":{"rendered":"<p>Leuchtend bunte W\u00e4lder<br \/>\nsanfte H\u00fcgel<br \/>\nbraune Felder<br \/>\nweite T\u00e4ler<br \/>\ngoldner Wein<br \/>\nSt\u00fcrme blasen<br \/>\nBl\u00e4tter fallen<br \/>\nFl\u00fcsse schwellen<br \/>\n\u00fcber allem<br \/>\nletzter warmer Sonnenschein.<\/p>\n","protected":false},"excerpt":{"rendered":"<p>Leuchtend bunte W\u00e4lder sanfte H\u00fcgel braune Felder weite T\u00e4ler goldner Wein St\u00fcrme blasen Bl\u00e4tter fallen Fl\u00fcsse schwellen \u00fcber allem letzter warmer Sonnenschein.<\/p>\n","protected":false},"author":2,"featured_media":0,"parent":64,"menu_order":0,"comment_status":"closed","ping_status":"closed","template":"","meta":{"footnotes":""},"class_list":["post-410","page","type-page","status-publish","hentry"],"_links":{"self":[{"href":"https:\/\/www.irland-fan.de\/index.php?rest_route=\/wp\/v2\/pages\/410","targetHints":{"allow":["GET"]}}],"collection":[{"href":"https:\/\/www.irland-fan.de\/index.php?rest_route=\/wp\/v2\/pages"}],"about":[{"href":"https:\/\/www.irland-fan.de\/index.php?rest_route=\/wp\/v2\/types\/page"}],"author":[{"embeddable":true,"href":"https:\/\/www.irland-fan.de\/index.php?rest_route=\/wp\/v2\/users\/2"}],"replies":[{"embeddable":true,"href":"https:\/\/www.irland-fan.de\/index.php?rest_route=%2Fwp%2Fv2%2Fcomments&post=410"}],"version-history":[{"count":1,"href":"https:\/\/www.irland-fan.de\/index.php?rest_route=\/wp\/v2\/pages\/410\/revisions"}],"predecessor-version":[{"id":411,"href":"https:\/\/www.irland-fan.de\/index.php?rest_route=\/wp\/v2\/pages\/410\/revisions\/411"}],"up":[{"embeddable":true,"href":"https:\/\/www.irland-fan.de\/index.php?rest_route=\/wp\/v2\/pages\/64"}],"wp:attachment":[{"href":"https:\/\/www.irland-fan.de\/index.php?rest_route=%2Fwp%2Fv2%2Fmedia&parent=410"}],"curies":[{"name":"wp","href":"https:\/\/api.w.org\/{rel}","templated":true}]}}