{"id":42,"date":"2016-08-24T12:13:08","date_gmt":"2016-08-24T10:13:08","guid":{"rendered":"http:\/\/dev.irland-fan.de\/?page_id=42"},"modified":"2016-12-14T18:06:46","modified_gmt":"2016-12-14T17:06:46","slug":"irische-tagebuchbriefe-2","status":"publish","type":"page","link":"https:\/\/www.irland-fan.de\/?page_id=42","title":{"rendered":"Irische Tagebuchbriefe"},"content":{"rendered":"<p><img loading=\"lazy\" decoding=\"async\" class=\"size-medium wp-image-32 alignleft\" src=\"https:\/\/www.irland-fan.de\/wp-content\/uploads\/2016\/08\/Irische_TagebuchbriefeTitel-1-188x300.png\" alt=\"Irische_TagebuchbriefeTitel\" width=\"188\" height=\"300\" srcset=\"https:\/\/www.irland-fan.de\/wp-content\/uploads\/2016\/08\/Irische_TagebuchbriefeTitel-1-188x300.png 188w, https:\/\/www.irland-fan.de\/wp-content\/uploads\/2016\/08\/Irische_TagebuchbriefeTitel-1-768x1223.png 768w, https:\/\/www.irland-fan.de\/wp-content\/uploads\/2016\/08\/Irische_TagebuchbriefeTitel-1-643x1024.png 643w, https:\/\/www.irland-fan.de\/wp-content\/uploads\/2016\/08\/Irische_TagebuchbriefeTitel-1.png 1030w\" sizes=\"auto, (max-width: 188px) 100vw, 188px\" \/>Das Buch beschreibt Irland in der Zeit des ausgehenden 20. Jahrhunderts, eine Zeit, in der der \u201eKeltische Tiger\u201c noch nicht seinen Einzug gehalten hatte.<br \/>\nEs ist nicht nur eine Liebeserkl\u00e4rung an einen Mann, sondern auch eine Hommage an Irland, das die Autorin liebt und dem sie trotz des ungl\u00fccklichen Ausgangs ihrer Liebesgeschichte nie den R\u00fccken gekehrt hat.<\/p>\n<p><img loading=\"lazy\" decoding=\"async\" class=\"alignright wp-image-296\" src=\"https:\/\/www.irland-fan.de\/wp-content\/uploads\/2016\/05\/Portrait_Karola_Balzer-Joyce_Web-211x300.jpg\" width=\"145\" height=\"206\" srcset=\"https:\/\/www.irland-fan.de\/wp-content\/uploads\/2016\/05\/Portrait_Karola_Balzer-Joyce_Web-211x300.jpg 211w, https:\/\/www.irland-fan.de\/wp-content\/uploads\/2016\/05\/Portrait_Karola_Balzer-Joyce_Web-768x1089.jpg 768w, https:\/\/www.irland-fan.de\/wp-content\/uploads\/2016\/05\/Portrait_Karola_Balzer-Joyce_Web-700x993.jpg 700w, https:\/\/www.irland-fan.de\/wp-content\/uploads\/2016\/05\/Portrait_Karola_Balzer-Joyce_Web.jpg 1400w\" sizes=\"auto, (max-width: 145px) 100vw, 145px\" \/><\/p>\n<p>&nbsp;<\/p>\n<p>Karola Balzer-Joyce verbrachte ihre Kindheit und Jugend in der ehemaligen DDR. 1960 fl\u00fcchtete die Familie in die Bundesrepublik Deutschland.<br \/>\nNach Medizinstudium und Facharztausbildung f\u00fcr Innere Medizin heiratete sie 1977 einen irischen Schaffarmer und lebte bis zu ihrer R\u00fcckkehr nach Deutschland an der rauen irischen Atlantikk\u00fcste.<br \/>\nSie verbringt weiterhin j\u00e4hrlich einige Wochen in ihrem Haus in Connemara, wodurch sie die Entwicklung, die dieses Land inzwischen genommen hat, hautnah mit verfolgen kann.<br \/>\nKarola Balzer-Joyce lebt und arbeitet als \u00c4rztin auf der Insel Fehmarn.<\/p>\n<p>Irische Tagebuchbriefe<br \/>\nvon Karola Balzer-Joyce<br \/>\nTaschenbuch 12&#215;19 cm, 62 Seiten<br \/>\nISBN 978-3-7412-2170-5\u00a0\u00a0\u00a0\u00a0\u00a0\u00a0\u00a0\u00a0\u00a0\u00a0\u00a0\u00a0\u00a0\u00a0\u00a0\u00a0\u00a0\u00a0\u00a0\u00a0\u00a0\u00a0\u00a0\u00a0\u00a0\u00a0\u00a0 \u20ac 6,90<br \/>\nauch als E-Book erh\u00e4ltlich<\/p>\n<p>&nbsp;<\/p>\n<p>&nbsp;<\/p>\n","protected":false},"excerpt":{"rendered":"<p>Das Buch beschreibt Irland in der Zeit des ausgehenden 20. Jahrhunderts, eine Zeit, in der der \u201eKeltische Tiger\u201c noch nicht seinen Einzug gehalten hatte. Es ist nicht nur eine Liebeserkl\u00e4rung an einen Mann, sondern auch eine Hommage an Irland, das die Autorin liebt und dem sie trotz des ungl\u00fccklichen Ausgangs ihrer Liebesgeschichte nie den R\u00fccken [&hellip;]<\/p>\n","protected":false},"author":2,"featured_media":0,"parent":73,"menu_order":5,"comment_status":"closed","ping_status":"closed","template":"","meta":{"footnotes":""},"class_list":["post-42","page","type-page","status-publish","hentry"],"_links":{"self":[{"href":"https:\/\/www.irland-fan.de\/index.php?rest_route=\/wp\/v2\/pages\/42","targetHints":{"allow":["GET"]}}],"collection":[{"href":"https:\/\/www.irland-fan.de\/index.php?rest_route=\/wp\/v2\/pages"}],"about":[{"href":"https:\/\/www.irland-fan.de\/index.php?rest_route=\/wp\/v2\/types\/page"}],"author":[{"embeddable":true,"href":"https:\/\/www.irland-fan.de\/index.php?rest_route=\/wp\/v2\/users\/2"}],"replies":[{"embeddable":true,"href":"https:\/\/www.irland-fan.de\/index.php?rest_route=%2Fwp%2Fv2%2Fcomments&post=42"}],"version-history":[{"count":11,"href":"https:\/\/www.irland-fan.de\/index.php?rest_route=\/wp\/v2\/pages\/42\/revisions"}],"predecessor-version":[{"id":467,"href":"https:\/\/www.irland-fan.de\/index.php?rest_route=\/wp\/v2\/pages\/42\/revisions\/467"}],"up":[{"embeddable":true,"href":"https:\/\/www.irland-fan.de\/index.php?rest_route=\/wp\/v2\/pages\/73"}],"wp:attachment":[{"href":"https:\/\/www.irland-fan.de\/index.php?rest_route=%2Fwp%2Fv2%2Fmedia&parent=42"}],"curies":[{"name":"wp","href":"https:\/\/api.w.org\/{rel}","templated":true}]}}