{"id":428,"date":"2016-11-16T20:24:22","date_gmt":"2016-11-16T19:24:22","guid":{"rendered":"http:\/\/www.irland-fan.de\/?page_id=428"},"modified":"2016-12-14T17:44:43","modified_gmt":"2016-12-14T16:44:43","slug":"kindheit-2","status":"publish","type":"page","link":"https:\/\/www.irland-fan.de\/?page_id=428","title":{"rendered":"Kindheit"},"content":{"rendered":"<p>Auferstanden aus Ruinen<br \/>\nsangen unsre Kinderstimmen<br \/>\nin der klaren Morgenluft.<\/p>\n<p>Ein feste Burg ist unser Gott,<br \/>\ner rettet uns aus aller Not<br \/>\nklang der Kirchenglockenruf.<\/p>\n<p>Die Religion ist das Opiumdes Volkes<br \/>\nh\u00f6hnte der W\u00e4chter im Kreml schon.<br \/>\nUnd wir in wei\u00dfen Sonntagsstr\u00fcmpfen<br \/>\nund der blauen Uniform<br \/>\nmussten dieEntscheidung treffen:<\/p>\n<p>Jugendweihe oder Konfirmation.<br \/>\nIn diesem Zwiespalt konnten wir<br \/>\nunsrer Zukunft zugewandt<\/p>\n<p>nur noch in den Westen fliehen<br \/>\nim geteilten Vaterland.<br \/>\nim geteilten Vaterland<\/p>\n<p style=\"text-align: right;\">\n","protected":false},"excerpt":{"rendered":"<p>Auferstanden aus Ruinen sangen unsre Kinderstimmen in der klaren Morgenluft. Ein feste Burg ist unser Gott, er rettet uns aus aller Not klang der Kirchenglockenruf. Die Religion ist das Opiumdes Volkes h\u00f6hnte der W\u00e4chter im Kreml schon. Und wir in wei\u00dfen Sonntagsstr\u00fcmpfen und der blauen Uniform mussten dieEntscheidung treffen: Jugendweihe oder Konfirmation. In diesem Zwiespalt [&hellip;]<\/p>\n","protected":false},"author":2,"featured_media":0,"parent":82,"menu_order":0,"comment_status":"closed","ping_status":"closed","template":"","meta":{"footnotes":""},"class_list":["post-428","page","type-page","status-publish","hentry"],"_links":{"self":[{"href":"https:\/\/www.irland-fan.de\/index.php?rest_route=\/wp\/v2\/pages\/428","targetHints":{"allow":["GET"]}}],"collection":[{"href":"https:\/\/www.irland-fan.de\/index.php?rest_route=\/wp\/v2\/pages"}],"about":[{"href":"https:\/\/www.irland-fan.de\/index.php?rest_route=\/wp\/v2\/types\/page"}],"author":[{"embeddable":true,"href":"https:\/\/www.irland-fan.de\/index.php?rest_route=\/wp\/v2\/users\/2"}],"replies":[{"embeddable":true,"href":"https:\/\/www.irland-fan.de\/index.php?rest_route=%2Fwp%2Fv2%2Fcomments&post=428"}],"version-history":[{"count":5,"href":"https:\/\/www.irland-fan.de\/index.php?rest_route=\/wp\/v2\/pages\/428\/revisions"}],"predecessor-version":[{"id":508,"href":"https:\/\/www.irland-fan.de\/index.php?rest_route=\/wp\/v2\/pages\/428\/revisions\/508"}],"up":[{"embeddable":true,"href":"https:\/\/www.irland-fan.de\/index.php?rest_route=\/wp\/v2\/pages\/82"}],"wp:attachment":[{"href":"https:\/\/www.irland-fan.de\/index.php?rest_route=%2Fwp%2Fv2%2Fmedia&parent=428"}],"curies":[{"name":"wp","href":"https:\/\/api.w.org\/{rel}","templated":true}]}}