{"id":477,"date":"2016-12-14T17:19:36","date_gmt":"2016-12-14T16:19:36","guid":{"rendered":"http:\/\/www.irland-fan.de\/?page_id=477"},"modified":"2016-12-14T17:19:36","modified_gmt":"2016-12-14T16:19:36","slug":"wiedersehen","status":"publish","type":"page","link":"https:\/\/www.irland-fan.de\/?page_id=477","title":{"rendered":"Wiedersehen"},"content":{"rendered":"<p style=\"text-align: left;\">Noch einmal das Gef\u00fchl zu sp\u00fcren von Gl\u00fcck<br \/>\nbeim Anblick dieser klaren Wasser,<br \/>\nSilberseen,<br \/>\nalten B\u00e4ume,<br \/>\nKamelienbl\u00fcten,<br \/>\ndieser Landschaft<br \/>\nwie unber\u00fchrt.<br \/>\nNoch einmal diese Ruhe atmen<br \/>\nnur eingetaucht in die Natur,<br \/>\ndie Stille<br \/>\nsanft vom Wind durchweht.<\/p>\n<p style=\"text-align: left;\">Ganz leise war es noch zu sp\u00fcren.<\/p>\n<p style=\"text-align: left;\">\u00a0\u00a0\u00a0\u00a0\u00a0\u00a0\u00a0\u00a0\u00a0\u00a0\u00a0\u00a0\u00a0\u00a0\u00a0\u00a0\u00a0\u00a0\u00a0\u00a0\u00a0\u00a0\u00a0\u00a0\u00a0\u00a0\u00a0\u00a0\u00a0\u00a0\u00a0\u00a0\u00a0\u00a0\u00a0\u00a0\u00a0\u00a0\u00a0\u00a0\u00a0 Ballinahinch 2014<\/p>\n","protected":false},"excerpt":{"rendered":"<p>Noch einmal das Gef\u00fchl zu sp\u00fcren von Gl\u00fcck beim Anblick dieser klaren Wasser, Silberseen, alten B\u00e4ume, Kamelienbl\u00fcten, dieser Landschaft wie unber\u00fchrt. Noch einmal diese Ruhe atmen nur eingetaucht in die Natur, die Stille sanft vom Wind durchweht. Ganz leise war es noch zu sp\u00fcren. \u00a0\u00a0\u00a0\u00a0\u00a0\u00a0\u00a0\u00a0\u00a0\u00a0\u00a0\u00a0\u00a0\u00a0\u00a0\u00a0\u00a0\u00a0\u00a0\u00a0\u00a0\u00a0\u00a0\u00a0\u00a0\u00a0\u00a0\u00a0\u00a0\u00a0\u00a0\u00a0\u00a0\u00a0\u00a0\u00a0\u00a0\u00a0\u00a0\u00a0\u00a0 Ballinahinch 2014<\/p>\n","protected":false},"author":1,"featured_media":0,"parent":68,"menu_order":0,"comment_status":"closed","ping_status":"closed","template":"","meta":{"footnotes":""},"class_list":["post-477","page","type-page","status-publish","hentry"],"_links":{"self":[{"href":"https:\/\/www.irland-fan.de\/index.php?rest_route=\/wp\/v2\/pages\/477","targetHints":{"allow":["GET"]}}],"collection":[{"href":"https:\/\/www.irland-fan.de\/index.php?rest_route=\/wp\/v2\/pages"}],"about":[{"href":"https:\/\/www.irland-fan.de\/index.php?rest_route=\/wp\/v2\/types\/page"}],"author":[{"embeddable":true,"href":"https:\/\/www.irland-fan.de\/index.php?rest_route=\/wp\/v2\/users\/1"}],"replies":[{"embeddable":true,"href":"https:\/\/www.irland-fan.de\/index.php?rest_route=%2Fwp%2Fv2%2Fcomments&post=477"}],"version-history":[{"count":1,"href":"https:\/\/www.irland-fan.de\/index.php?rest_route=\/wp\/v2\/pages\/477\/revisions"}],"predecessor-version":[{"id":478,"href":"https:\/\/www.irland-fan.de\/index.php?rest_route=\/wp\/v2\/pages\/477\/revisions\/478"}],"up":[{"embeddable":true,"href":"https:\/\/www.irland-fan.de\/index.php?rest_route=\/wp\/v2\/pages\/68"}],"wp:attachment":[{"href":"https:\/\/www.irland-fan.de\/index.php?rest_route=%2Fwp%2Fv2%2Fmedia&parent=477"}],"curies":[{"name":"wp","href":"https:\/\/api.w.org\/{rel}","templated":true}]}}