{"id":483,"date":"2016-12-14T17:21:33","date_gmt":"2016-12-14T16:21:33","guid":{"rendered":"http:\/\/www.irland-fan.de\/?page_id=483"},"modified":"2016-12-14T17:21:33","modified_gmt":"2016-12-14T16:21:33","slug":"cead-mile-failte","status":"publish","type":"page","link":"https:\/\/www.irland-fan.de\/?page_id=483","title":{"rendered":"Cead mile failte"},"content":{"rendered":"<p>(Herzlich willkommen)<\/p>\n<p>Die T\u00fcr steht offen<br \/>\nkommt nur herein,<br \/>\nw\u00e4rmt Euch am offenen Feuer,<br \/>\ntrinkt mit uns Tee.<br \/>\nFrisches Brot ist gebacken,<br \/>\nein Tropfen Whiskey noch<br \/>\nin der Flasche.<br \/>\nErz\u00e4hlt von Eurer Welt,<br \/>\nvon Euren Tr\u00e4umen<br \/>\nund eh&#8216; Ihr geht sagt:<br \/>\nwie gef\u00e4llt Euch Irland?<br \/>\nUnd seid gesegnet<br \/>\nwenn Ihr weiterzieht.<\/p>\n","protected":false},"excerpt":{"rendered":"<p>(Herzlich willkommen) Die T\u00fcr steht offen kommt nur herein, w\u00e4rmt Euch am offenen Feuer, trinkt mit uns Tee. Frisches Brot ist gebacken, ein Tropfen Whiskey noch in der Flasche. Erz\u00e4hlt von Eurer Welt, von Euren Tr\u00e4umen und eh&#8216; Ihr geht sagt: wie gef\u00e4llt Euch Irland? Und seid gesegnet wenn Ihr weiterzieht.<\/p>\n","protected":false},"author":1,"featured_media":0,"parent":68,"menu_order":0,"comment_status":"closed","ping_status":"closed","template":"","meta":{"footnotes":""},"class_list":["post-483","page","type-page","status-publish","hentry"],"_links":{"self":[{"href":"https:\/\/www.irland-fan.de\/index.php?rest_route=\/wp\/v2\/pages\/483","targetHints":{"allow":["GET"]}}],"collection":[{"href":"https:\/\/www.irland-fan.de\/index.php?rest_route=\/wp\/v2\/pages"}],"about":[{"href":"https:\/\/www.irland-fan.de\/index.php?rest_route=\/wp\/v2\/types\/page"}],"author":[{"embeddable":true,"href":"https:\/\/www.irland-fan.de\/index.php?rest_route=\/wp\/v2\/users\/1"}],"replies":[{"embeddable":true,"href":"https:\/\/www.irland-fan.de\/index.php?rest_route=%2Fwp%2Fv2%2Fcomments&post=483"}],"version-history":[{"count":1,"href":"https:\/\/www.irland-fan.de\/index.php?rest_route=\/wp\/v2\/pages\/483\/revisions"}],"predecessor-version":[{"id":484,"href":"https:\/\/www.irland-fan.de\/index.php?rest_route=\/wp\/v2\/pages\/483\/revisions\/484"}],"up":[{"embeddable":true,"href":"https:\/\/www.irland-fan.de\/index.php?rest_route=\/wp\/v2\/pages\/68"}],"wp:attachment":[{"href":"https:\/\/www.irland-fan.de\/index.php?rest_route=%2Fwp%2Fv2%2Fmedia&parent=483"}],"curies":[{"name":"wp","href":"https:\/\/api.w.org\/{rel}","templated":true}]}}