{"id":495,"date":"2016-12-14T17:38:44","date_gmt":"2016-12-14T16:38:44","guid":{"rendered":"http:\/\/www.irland-fan.de\/?page_id=495"},"modified":"2016-12-14T17:38:44","modified_gmt":"2016-12-14T16:38:44","slug":"karneval-in-venedig","status":"publish","type":"page","link":"https:\/\/www.irland-fan.de\/?page_id=495","title":{"rendered":"Karneval in Venedig"},"content":{"rendered":"<p>&#8211; ein Gesellschaftsspiel &#8211;<br \/>\nHinter schwarz wei\u00df goldnen Masken<br \/>\nlebt ein menschliches Gesicht<br \/>\nGlitzertalmi, seidenquasten<br \/>\nim venezianischen Licht<br \/>\nR\u00fcschen, H\u00fcte, Perlenschn\u00fcre \u2013<br \/>\nwelch ein Mensch dahinter ist,<br \/>\nsagt vielleicht die Wahl der Masken.<\/p>\n<p>Aber mehr erf\u00e4hrst du nicht.<\/p>\n","protected":false},"excerpt":{"rendered":"<p>&#8211; ein Gesellschaftsspiel &#8211; Hinter schwarz wei\u00df goldnen Masken lebt ein menschliches Gesicht Glitzertalmi, seidenquasten im venezianischen Licht R\u00fcschen, H\u00fcte, Perlenschn\u00fcre \u2013 welch ein Mensch dahinter ist, sagt vielleicht die Wahl der Masken. Aber mehr erf\u00e4hrst du nicht.<\/p>\n","protected":false},"author":1,"featured_media":0,"parent":85,"menu_order":0,"comment_status":"closed","ping_status":"closed","template":"","meta":{"footnotes":""},"class_list":["post-495","page","type-page","status-publish","hentry"],"_links":{"self":[{"href":"https:\/\/www.irland-fan.de\/index.php?rest_route=\/wp\/v2\/pages\/495","targetHints":{"allow":["GET"]}}],"collection":[{"href":"https:\/\/www.irland-fan.de\/index.php?rest_route=\/wp\/v2\/pages"}],"about":[{"href":"https:\/\/www.irland-fan.de\/index.php?rest_route=\/wp\/v2\/types\/page"}],"author":[{"embeddable":true,"href":"https:\/\/www.irland-fan.de\/index.php?rest_route=\/wp\/v2\/users\/1"}],"replies":[{"embeddable":true,"href":"https:\/\/www.irland-fan.de\/index.php?rest_route=%2Fwp%2Fv2%2Fcomments&post=495"}],"version-history":[{"count":1,"href":"https:\/\/www.irland-fan.de\/index.php?rest_route=\/wp\/v2\/pages\/495\/revisions"}],"predecessor-version":[{"id":496,"href":"https:\/\/www.irland-fan.de\/index.php?rest_route=\/wp\/v2\/pages\/495\/revisions\/496"}],"up":[{"embeddable":true,"href":"https:\/\/www.irland-fan.de\/index.php?rest_route=\/wp\/v2\/pages\/85"}],"wp:attachment":[{"href":"https:\/\/www.irland-fan.de\/index.php?rest_route=%2Fwp%2Fv2%2Fmedia&parent=495"}],"curies":[{"name":"wp","href":"https:\/\/api.w.org\/{rel}","templated":true}]}}