{"id":497,"date":"2016-12-14T17:39:02","date_gmt":"2016-12-14T16:39:02","guid":{"rendered":"http:\/\/www.irland-fan.de\/?page_id=497"},"modified":"2016-12-14T17:39:07","modified_gmt":"2016-12-14T16:39:07","slug":"st-petersburg","status":"publish","type":"page","link":"https:\/\/www.irland-fan.de\/?page_id=497","title":{"rendered":"St. Petersburg"},"content":{"rendered":"<p>Graue \u00fcberbreite Stra\u00dfen,<br \/>\nBauten klassizistisch sch\u00f6n<br \/>\nrechts und links der breiten Newa<br \/>\nZarenschl\u00f6sser als Museen<\/p>\n<p>gr\u00fcn wei\u00df blau ihre Fassaden<br \/>\nitalienischer Barock<br \/>\nhinter silbergr\u00fcnen Pappeln<br \/>\nschimmern goldne Kuppeln hoch.<\/p>\n<p>Petersburg mit seinem Zauber<br \/>\neiner l\u00e4ngst vergangenen Zeit<br \/>\nlebt aus dunklen Hinterh\u00f6fen.<br \/>\nTot ist die Vergangenheit.<\/p>\n<p>Auch des Popen Rituale<br \/>\nbeschw\u00f6ren nicht die alte Welt.<br \/>\nAuf Sumpf gebaut die Kathedrale.<br \/>\nKultur versinkt im Schwarzmarktgeld.<\/p>\n","protected":false},"excerpt":{"rendered":"<p>Graue \u00fcberbreite Stra\u00dfen, Bauten klassizistisch sch\u00f6n rechts und links der breiten Newa Zarenschl\u00f6sser als Museen gr\u00fcn wei\u00df blau ihre Fassaden italienischer Barock hinter silbergr\u00fcnen Pappeln schimmern goldne Kuppeln hoch. Petersburg mit seinem Zauber einer l\u00e4ngst vergangenen Zeit lebt aus dunklen Hinterh\u00f6fen. Tot ist die Vergangenheit. Auch des Popen Rituale beschw\u00f6ren nicht die alte Welt. Auf [&hellip;]<\/p>\n","protected":false},"author":1,"featured_media":0,"parent":85,"menu_order":0,"comment_status":"closed","ping_status":"closed","template":"","meta":{"footnotes":""},"class_list":["post-497","page","type-page","status-publish","hentry"],"_links":{"self":[{"href":"https:\/\/www.irland-fan.de\/index.php?rest_route=\/wp\/v2\/pages\/497","targetHints":{"allow":["GET"]}}],"collection":[{"href":"https:\/\/www.irland-fan.de\/index.php?rest_route=\/wp\/v2\/pages"}],"about":[{"href":"https:\/\/www.irland-fan.de\/index.php?rest_route=\/wp\/v2\/types\/page"}],"author":[{"embeddable":true,"href":"https:\/\/www.irland-fan.de\/index.php?rest_route=\/wp\/v2\/users\/1"}],"replies":[{"embeddable":true,"href":"https:\/\/www.irland-fan.de\/index.php?rest_route=%2Fwp%2Fv2%2Fcomments&post=497"}],"version-history":[{"count":1,"href":"https:\/\/www.irland-fan.de\/index.php?rest_route=\/wp\/v2\/pages\/497\/revisions"}],"predecessor-version":[{"id":499,"href":"https:\/\/www.irland-fan.de\/index.php?rest_route=\/wp\/v2\/pages\/497\/revisions\/499"}],"up":[{"embeddable":true,"href":"https:\/\/www.irland-fan.de\/index.php?rest_route=\/wp\/v2\/pages\/85"}],"wp:attachment":[{"href":"https:\/\/www.irland-fan.de\/index.php?rest_route=%2Fwp%2Fv2%2Fmedia&parent=497"}],"curies":[{"name":"wp","href":"https:\/\/api.w.org\/{rel}","templated":true}]}}