{"id":500,"date":"2016-12-14T17:39:31","date_gmt":"2016-12-14T16:39:31","guid":{"rendered":"http:\/\/www.irland-fan.de\/?page_id=500"},"modified":"2016-12-14T17:39:31","modified_gmt":"2016-12-14T16:39:31","slug":"reise-1992-gefuehle-in-holland","status":"publish","type":"page","link":"https:\/\/www.irland-fan.de\/?page_id=500","title":{"rendered":"Reise 1992 &#8211; Gef\u00fchle in Holland"},"content":{"rendered":"<p>Kan\u00e4le und Deiche in strengen Geraden,<br \/>\nPl\u00e4tze geordnet durch H\u00e4userfassaden<br \/>\nmit Kirchen, in denen die Orgel nicht klingt.<br \/>\nSpuren im Sand verweht der Wind.<\/p>\n<p>Die Ordnung schreckt der Tulpen Rot<br \/>\nund T\u00f6ne erstarrt in angstvoller Not,<br \/>\nTanz am Strand, der pl\u00f6tzlich schwer,<br \/>\nwerden gel\u00f6st durch das endlose Meer,<\/p>\n<p>das stillsanft und mild<br \/>\noder leuchtend wild<br \/>\nfordernd und gebend<br \/>\nin Freiheit lebend<br \/>\nverwandelt Gl\u00fcck<br \/>\nin Musik.<\/p>\n","protected":false},"excerpt":{"rendered":"<p>Kan\u00e4le und Deiche in strengen Geraden, Pl\u00e4tze geordnet durch H\u00e4userfassaden mit Kirchen, in denen die Orgel nicht klingt. Spuren im Sand verweht der Wind. Die Ordnung schreckt der Tulpen Rot und T\u00f6ne erstarrt in angstvoller Not, Tanz am Strand, der pl\u00f6tzlich schwer, werden gel\u00f6st durch das endlose Meer, das stillsanft und mild oder leuchtend wild [&hellip;]<\/p>\n","protected":false},"author":1,"featured_media":0,"parent":85,"menu_order":0,"comment_status":"closed","ping_status":"closed","template":"","meta":{"footnotes":""},"class_list":["post-500","page","type-page","status-publish","hentry"],"_links":{"self":[{"href":"https:\/\/www.irland-fan.de\/index.php?rest_route=\/wp\/v2\/pages\/500","targetHints":{"allow":["GET"]}}],"collection":[{"href":"https:\/\/www.irland-fan.de\/index.php?rest_route=\/wp\/v2\/pages"}],"about":[{"href":"https:\/\/www.irland-fan.de\/index.php?rest_route=\/wp\/v2\/types\/page"}],"author":[{"embeddable":true,"href":"https:\/\/www.irland-fan.de\/index.php?rest_route=\/wp\/v2\/users\/1"}],"replies":[{"embeddable":true,"href":"https:\/\/www.irland-fan.de\/index.php?rest_route=%2Fwp%2Fv2%2Fcomments&post=500"}],"version-history":[{"count":1,"href":"https:\/\/www.irland-fan.de\/index.php?rest_route=\/wp\/v2\/pages\/500\/revisions"}],"predecessor-version":[{"id":501,"href":"https:\/\/www.irland-fan.de\/index.php?rest_route=\/wp\/v2\/pages\/500\/revisions\/501"}],"up":[{"embeddable":true,"href":"https:\/\/www.irland-fan.de\/index.php?rest_route=\/wp\/v2\/pages\/85"}],"wp:attachment":[{"href":"https:\/\/www.irland-fan.de\/index.php?rest_route=%2Fwp%2Fv2%2Fmedia&parent=500"}],"curies":[{"name":"wp","href":"https:\/\/api.w.org\/{rel}","templated":true}]}}