{"id":524,"date":"2017-03-12T17:13:13","date_gmt":"2017-03-12T16:13:13","guid":{"rendered":"http:\/\/www.irland-fan.de\/?page_id=524"},"modified":"2017-03-12T17:13:13","modified_gmt":"2017-03-12T16:13:13","slug":"am-meer","status":"publish","type":"page","link":"https:\/\/www.irland-fan.de\/?page_id=524","title":{"rendered":"Am Meer"},"content":{"rendered":"<p>Die Weite des Meeres<br \/>\nder endlose Himmel<br \/>\nder M\u00f6wen Schrei<br \/>\nglitzernde Wellen<br \/>\nWolkenschatten<br \/>\nfliegen vorbei<br \/>\nSeeuferschwalben<br \/>\nReedgrashalme<br \/>\nschwanken im Wind<br \/>\nD\u00fcnensand weht<br \/>\n\u00fcber leere Str\u00e4nde<br \/>\nHerbst beginnt.<\/p>\n","protected":false},"excerpt":{"rendered":"<p>Die Weite des Meeres der endlose Himmel der M\u00f6wen Schrei glitzernde Wellen Wolkenschatten fliegen vorbei Seeuferschwalben Reedgrashalme schwanken im Wind D\u00fcnensand weht \u00fcber leere Str\u00e4nde Herbst beginnt.<\/p>\n","protected":false},"author":3,"featured_media":0,"parent":85,"menu_order":0,"comment_status":"closed","ping_status":"closed","template":"","meta":{"footnotes":""},"class_list":["post-524","page","type-page","status-publish","hentry"],"_links":{"self":[{"href":"https:\/\/www.irland-fan.de\/index.php?rest_route=\/wp\/v2\/pages\/524","targetHints":{"allow":["GET"]}}],"collection":[{"href":"https:\/\/www.irland-fan.de\/index.php?rest_route=\/wp\/v2\/pages"}],"about":[{"href":"https:\/\/www.irland-fan.de\/index.php?rest_route=\/wp\/v2\/types\/page"}],"author":[{"embeddable":true,"href":"https:\/\/www.irland-fan.de\/index.php?rest_route=\/wp\/v2\/users\/3"}],"replies":[{"embeddable":true,"href":"https:\/\/www.irland-fan.de\/index.php?rest_route=%2Fwp%2Fv2%2Fcomments&post=524"}],"version-history":[{"count":1,"href":"https:\/\/www.irland-fan.de\/index.php?rest_route=\/wp\/v2\/pages\/524\/revisions"}],"predecessor-version":[{"id":525,"href":"https:\/\/www.irland-fan.de\/index.php?rest_route=\/wp\/v2\/pages\/524\/revisions\/525"}],"up":[{"embeddable":true,"href":"https:\/\/www.irland-fan.de\/index.php?rest_route=\/wp\/v2\/pages\/85"}],"wp:attachment":[{"href":"https:\/\/www.irland-fan.de\/index.php?rest_route=%2Fwp%2Fv2%2Fmedia&parent=524"}],"curies":[{"name":"wp","href":"https:\/\/api.w.org\/{rel}","templated":true}]}}