{"id":535,"date":"2017-07-02T21:44:03","date_gmt":"2017-07-02T19:44:03","guid":{"rendered":"http:\/\/www.irland-fan.de\/?page_id=535"},"modified":"2017-07-10T21:26:24","modified_gmt":"2017-07-10T19:26:24","slug":"als-waer-es-gestern-noch-like-yesterday","status":"publish","type":"page","link":"https:\/\/www.irland-fan.de\/?page_id=535","title":{"rendered":"Als w\u00e4r es gestern erst &#8211; Like yesterday"},"content":{"rendered":"<div id=\"pl-535\"  class=\"panel-layout\" ><div id=\"pg-535-0\"  class=\"panel-grid panel-no-style\" ><div id=\"pgc-535-0-0\"  class=\"panel-grid-cell\" ><div id=\"panel-535-0-0-0\" class=\"so-panel widget widget_sow-editor panel-first-child panel-last-child\" data-index=\"0\" ><div\n\t\t\t\n\t\t\tclass=\"so-widget-sow-editor so-widget-sow-editor-base\"\n\t\t\t\n\t\t><h3 class=\"widget-title\">Als w\u00e4r es gestern erst<\/h3>\n<div class=\"siteorigin-widget-tinymce textwidget\">\n\t<p><em>Als w\u00e4r es gestern erst<br \/>dass ich verlie\u00df<br \/>die Schatten auf den Bergen<br \/>die Cottages<br \/>verstreut im Moor<br \/>Torffeuerrauch<br \/>und den Geruch von Seetang<br \/>herangeweht<br \/>vom offnen Meer<br \/>weit offne T\u00fcren<br \/>und ein freundliches Willkommen<br \/>dem Fremden<br \/>der erz\u00e4hlt von seiner Welt<br \/>wohin,woher.<br \/>Als w\u00e4r es gestern erst.<br \/>Doch lang ists her'.<br \/>So vieles ist ver\u00e4ndert. <\/em><\/p>\n<p>\u00a0<\/p>\n<p style=\"text-align: right;\"><em>Connemara 2017<\/em><\/p>\n<\/div>\n<\/div><\/div><\/div><div id=\"pgc-535-0-1\"  class=\"panel-grid-cell\" ><div id=\"panel-535-0-1-0\" class=\"so-panel widget widget_sow-editor panel-first-child panel-last-child\" data-index=\"1\" ><div\n\t\t\t\n\t\t\tclass=\"so-widget-sow-editor so-widget-sow-editor-base\"\n\t\t\t\n\t\t><h3 class=\"widget-title\">Like yesterday<\/h3>\n<div class=\"siteorigin-widget-tinymce textwidget\">\n\t<p>Like yesterday<br \/>when I had left<br \/>the shadows on the mountains<br \/>the scattered cottages<br \/>in the bog<br \/>the smoke of turffires<br \/>the smell of seaweed<br \/>rising from the open sea<br \/>wide open doors<br \/>a friendly welcome<br \/>for the stranger<br \/>of another world<br \/>from where he comes<br \/>and where he goes.<br \/>Like yesterday.<br \/>But this is long ago.<br \/>So much has changed.<\/p>\n<p>\u00a0<\/p>\n<p style=\"text-align: right;\">Connemara 2017<\/p>\n<\/div>\n<\/div><\/div><\/div><\/div><\/div>","protected":false},"excerpt":{"rendered":"<p>Als w\u00e4r es gestern erstdass ich verlie\u00dfdie Schatten auf den Bergendie Cottagesverstreut im MoorTorffeuerrauchund den Geruch von Seetangherangewehtvom offnen Meerweit offne T\u00fcrenund ein freundliches Willkommendem Fremdender erz\u00e4hlt von seiner Weltwohin,woher.Als w\u00e4r es gestern erst.Doch lang ists her&#8216;.So vieles ist ver\u00e4ndert. \u00a0Connemara 2017 Like yesterdaywhen I had leftthe shadows on the mountainsthe scattered cottagesin the bogthe [&hellip;]<\/p>\n","protected":false},"author":1,"featured_media":0,"parent":68,"menu_order":0,"comment_status":"closed","ping_status":"closed","template":"","meta":{"footnotes":""},"class_list":["post-535","page","type-page","status-publish","hentry"],"_links":{"self":[{"href":"https:\/\/www.irland-fan.de\/index.php?rest_route=\/wp\/v2\/pages\/535","targetHints":{"allow":["GET"]}}],"collection":[{"href":"https:\/\/www.irland-fan.de\/index.php?rest_route=\/wp\/v2\/pages"}],"about":[{"href":"https:\/\/www.irland-fan.de\/index.php?rest_route=\/wp\/v2\/types\/page"}],"author":[{"embeddable":true,"href":"https:\/\/www.irland-fan.de\/index.php?rest_route=\/wp\/v2\/users\/1"}],"replies":[{"embeddable":true,"href":"https:\/\/www.irland-fan.de\/index.php?rest_route=%2Fwp%2Fv2%2Fcomments&post=535"}],"version-history":[{"count":6,"href":"https:\/\/www.irland-fan.de\/index.php?rest_route=\/wp\/v2\/pages\/535\/revisions"}],"predecessor-version":[{"id":547,"href":"https:\/\/www.irland-fan.de\/index.php?rest_route=\/wp\/v2\/pages\/535\/revisions\/547"}],"up":[{"embeddable":true,"href":"https:\/\/www.irland-fan.de\/index.php?rest_route=\/wp\/v2\/pages\/68"}],"wp:attachment":[{"href":"https:\/\/www.irland-fan.de\/index.php?rest_route=%2Fwp%2Fv2%2Fmedia&parent=535"}],"curies":[{"name":"wp","href":"https:\/\/api.w.org\/{rel}","templated":true}]}}