{"id":627,"date":"2020-02-01T18:13:22","date_gmt":"2020-02-01T17:13:22","guid":{"rendered":"http:\/\/www.irland-fan.de\/?page_id=627"},"modified":"2020-02-01T18:13:22","modified_gmt":"2020-02-01T17:13:22","slug":"fruehling","status":"publish","type":"page","link":"https:\/\/www.irland-fan.de\/?page_id=627","title":{"rendered":"Fr\u00fchling"},"content":{"rendered":"<p>In der Luft<\/p>\n<p>schwant Sommerduft<\/p>\n<p>Bl\u00fctenbl\u00e4tter wehn hernieder<\/p>\n<p>von Wei\u00dfdorn<\/p>\n<p>und von blauem Flieder<\/p>\n<p>lassen ahnen<\/p>\n<p>alle F\u00fclle eines Sommers<\/p>\n<p>H\u00f6hepunkt in der Natur<\/p>\n<p>seines Werden und vergehn<\/p>\n<p>und im Fr\u00fchling neu entstehn.<\/p>\n<p>&nbsp;<\/p>\n","protected":false},"excerpt":{"rendered":"<p>In der Luft schwant Sommerduft Bl\u00fctenbl\u00e4tter wehn hernieder von Wei\u00dfdorn und von blauem Flieder lassen ahnen alle F\u00fclle eines Sommers H\u00f6hepunkt in der Natur seines Werden und vergehn und im Fr\u00fchling neu entstehn. &nbsp;<\/p>\n","protected":false},"author":3,"featured_media":0,"parent":64,"menu_order":0,"comment_status":"closed","ping_status":"closed","template":"","meta":{"footnotes":""},"class_list":["post-627","page","type-page","status-publish","hentry"],"_links":{"self":[{"href":"https:\/\/www.irland-fan.de\/index.php?rest_route=\/wp\/v2\/pages\/627","targetHints":{"allow":["GET"]}}],"collection":[{"href":"https:\/\/www.irland-fan.de\/index.php?rest_route=\/wp\/v2\/pages"}],"about":[{"href":"https:\/\/www.irland-fan.de\/index.php?rest_route=\/wp\/v2\/types\/page"}],"author":[{"embeddable":true,"href":"https:\/\/www.irland-fan.de\/index.php?rest_route=\/wp\/v2\/users\/3"}],"replies":[{"embeddable":true,"href":"https:\/\/www.irland-fan.de\/index.php?rest_route=%2Fwp%2Fv2%2Fcomments&post=627"}],"version-history":[{"count":1,"href":"https:\/\/www.irland-fan.de\/index.php?rest_route=\/wp\/v2\/pages\/627\/revisions"}],"predecessor-version":[{"id":628,"href":"https:\/\/www.irland-fan.de\/index.php?rest_route=\/wp\/v2\/pages\/627\/revisions\/628"}],"up":[{"embeddable":true,"href":"https:\/\/www.irland-fan.de\/index.php?rest_route=\/wp\/v2\/pages\/64"}],"wp:attachment":[{"href":"https:\/\/www.irland-fan.de\/index.php?rest_route=%2Fwp%2Fv2%2Fmedia&parent=627"}],"curies":[{"name":"wp","href":"https:\/\/api.w.org\/{rel}","templated":true}]}}