{"id":633,"date":"2020-02-09T17:02:42","date_gmt":"2020-02-09T16:02:42","guid":{"rendered":"http:\/\/www.irland-fan.de\/?page_id=633"},"modified":"2022-03-07T17:27:30","modified_gmt":"2022-03-07T16:27:30","slug":"nachtgedankeni","status":"publish","type":"page","link":"https:\/\/www.irland-fan.de\/?page_id=633","title":{"rendered":"Nachtgedanken I"},"content":{"rendered":"<p>Es funkeln so golden die Sterne<\/p>\n<p>in einer herbstklaren Nacht.<\/p>\n<p>Wer hat in den unendlichen Weiten<\/p>\n<p>all diese Sch\u00f6nheit erdacht?<\/p>\n<p>Wer lenkt in dem Universum<\/p>\n<p>unser Menschen Geschick?<\/p>\n<p>Wer f\u00fchrt am ende des Lebens<\/p>\n<p>wohin meine Seele zur\u00fcck?<\/p>\n<p>&nbsp;<\/p>\n<p>&nbsp;<\/p>\n<p>&nbsp;<\/p>\n<p>Im Kloster Schwarzenberg Sept.2019<\/p>\n","protected":false},"excerpt":{"rendered":"<p>Es funkeln so golden die Sterne in einer herbstklaren Nacht. Wer hat in den unendlichen Weiten all diese Sch\u00f6nheit erdacht? Wer lenkt in dem Universum unser Menschen Geschick? Wer f\u00fchrt am ende des Lebens wohin meine Seele zur\u00fcck? &nbsp; &nbsp; &nbsp; Im Kloster Schwarzenberg Sept.2019<\/p>\n","protected":false},"author":3,"featured_media":0,"parent":82,"menu_order":0,"comment_status":"closed","ping_status":"closed","template":"","meta":{"footnotes":""},"class_list":["post-633","page","type-page","status-publish","hentry"],"_links":{"self":[{"href":"https:\/\/www.irland-fan.de\/index.php?rest_route=\/wp\/v2\/pages\/633","targetHints":{"allow":["GET"]}}],"collection":[{"href":"https:\/\/www.irland-fan.de\/index.php?rest_route=\/wp\/v2\/pages"}],"about":[{"href":"https:\/\/www.irland-fan.de\/index.php?rest_route=\/wp\/v2\/types\/page"}],"author":[{"embeddable":true,"href":"https:\/\/www.irland-fan.de\/index.php?rest_route=\/wp\/v2\/users\/3"}],"replies":[{"embeddable":true,"href":"https:\/\/www.irland-fan.de\/index.php?rest_route=%2Fwp%2Fv2%2Fcomments&post=633"}],"version-history":[{"count":2,"href":"https:\/\/www.irland-fan.de\/index.php?rest_route=\/wp\/v2\/pages\/633\/revisions"}],"predecessor-version":[{"id":711,"href":"https:\/\/www.irland-fan.de\/index.php?rest_route=\/wp\/v2\/pages\/633\/revisions\/711"}],"up":[{"embeddable":true,"href":"https:\/\/www.irland-fan.de\/index.php?rest_route=\/wp\/v2\/pages\/82"}],"wp:attachment":[{"href":"https:\/\/www.irland-fan.de\/index.php?rest_route=%2Fwp%2Fv2%2Fmedia&parent=633"}],"curies":[{"name":"wp","href":"https:\/\/api.w.org\/{rel}","templated":true}]}}