{"id":693,"date":"2022-03-07T17:16:12","date_gmt":"2022-03-07T16:16:12","guid":{"rendered":"https:\/\/www.irland-fan.de\/?page_id=693"},"modified":"2022-03-07T17:16:12","modified_gmt":"2022-03-07T16:16:12","slug":"worte","status":"publish","type":"page","link":"https:\/\/www.irland-fan.de\/?page_id=693","title":{"rendered":"Worte"},"content":{"rendered":"<p>sie k\u00f6nnen tr\u00f6sten, streicheln, bet\u00f6ren,<br \/>\nk\u00f6nnen betr\u00fcben, verletzen, zerst\u00f6ren.<br \/>\nUnbedacht und schnell gesprochen<br \/>\nsind Menschen daran schon zerbrochen. <\/p>\n<p>Reflektierter, wenn geschrieben<br \/>\nund auf dem Papier verblieben<br \/>\nzeigt dennoch sich ganz unverbl\u00fcmt<br \/>\nder Mensch, der ihrer sich bedient. <\/p>\n<p>Wie er sie w\u00e4hlt, wie er sie setzt,<br \/>\nwie er sie f\u00fcgt und sie vernetzt,<br \/>\nob wortgewaltig, wortgewandt,<br \/>\nwortkarg, mit wenig oder viel Verstand<br \/>\nnutzt er das Mittel ihrer Macht<br \/>\num kund zu tun, was er erdacht. <\/p>\n<p>Doch wie am Anfang, so auch jetzt,<br \/>\ngilt dieses biblische Gesetz: <\/p>\n<p><strong>Am Anfang war das Wort. <\/strong><\/p>\n<p>Der Kraft des Wortes folgt die Tat. <\/p>\n<p>So f\u00fcr den Dichter gilt mein Rat,<br \/>\ndass der mit Ehrfurcht sei genannt,<br \/>\nder die <strong>Verantwortung<\/strong> erkannt. <\/p>\n","protected":false},"excerpt":{"rendered":"<p>sie k\u00f6nnen tr\u00f6sten, streicheln, bet\u00f6ren, k\u00f6nnen betr\u00fcben, verletzen, zerst\u00f6ren. Unbedacht und schnell gesprochen sind Menschen daran schon zerbrochen. Reflektierter, wenn geschrieben und auf dem Papier verblieben zeigt dennoch sich ganz unverbl\u00fcmt der Mensch, der ihrer sich bedient. Wie er sie w\u00e4hlt, wie er sie setzt, wie er sie f\u00fcgt und sie vernetzt, ob wortgewaltig, wortgewandt, [&hellip;]<\/p>\n","protected":false},"author":2,"featured_media":0,"parent":82,"menu_order":0,"comment_status":"closed","ping_status":"closed","template":"","meta":{"footnotes":""},"class_list":["post-693","page","type-page","status-publish","hentry"],"_links":{"self":[{"href":"https:\/\/www.irland-fan.de\/index.php?rest_route=\/wp\/v2\/pages\/693","targetHints":{"allow":["GET"]}}],"collection":[{"href":"https:\/\/www.irland-fan.de\/index.php?rest_route=\/wp\/v2\/pages"}],"about":[{"href":"https:\/\/www.irland-fan.de\/index.php?rest_route=\/wp\/v2\/types\/page"}],"author":[{"embeddable":true,"href":"https:\/\/www.irland-fan.de\/index.php?rest_route=\/wp\/v2\/users\/2"}],"replies":[{"embeddable":true,"href":"https:\/\/www.irland-fan.de\/index.php?rest_route=%2Fwp%2Fv2%2Fcomments&post=693"}],"version-history":[{"count":1,"href":"https:\/\/www.irland-fan.de\/index.php?rest_route=\/wp\/v2\/pages\/693\/revisions"}],"predecessor-version":[{"id":694,"href":"https:\/\/www.irland-fan.de\/index.php?rest_route=\/wp\/v2\/pages\/693\/revisions\/694"}],"up":[{"embeddable":true,"href":"https:\/\/www.irland-fan.de\/index.php?rest_route=\/wp\/v2\/pages\/82"}],"wp:attachment":[{"href":"https:\/\/www.irland-fan.de\/index.php?rest_route=%2Fwp%2Fv2%2Fmedia&parent=693"}],"curies":[{"name":"wp","href":"https:\/\/api.w.org\/{rel}","templated":true}]}}