{"id":704,"date":"2022-03-07T17:25:05","date_gmt":"2022-03-07T16:25:05","guid":{"rendered":"https:\/\/www.irland-fan.de\/?page_id=704"},"modified":"2022-03-07T17:25:05","modified_gmt":"2022-03-07T16:25:05","slug":"das-meer","status":"publish","type":"page","link":"https:\/\/www.irland-fan.de\/?page_id=704","title":{"rendered":"Das Meer"},"content":{"rendered":"<p>Die Weite des Meeres<br \/>\nDer endlose Himmel<br \/>\nM\u00f6wengeschrei<br \/>\nTosende Wellen<br \/>\nWolkenschatten<br \/>\nfliehen vorbei<br \/>\nReetgrashalme<br \/>\nauf sandigen D\u00fcnen<br \/>\nwehen im Wind<br \/>\nUnd pl\u00f6tzlich<br \/>\nEin Gef\u00fchl von Freiheit<br \/>\nweckt in mir das Kind<\/p>\n","protected":false},"excerpt":{"rendered":"<p>Die Weite des Meeres Der endlose Himmel M\u00f6wengeschrei Tosende Wellen Wolkenschatten fliehen vorbei Reetgrashalme auf sandigen D\u00fcnen wehen im Wind Und pl\u00f6tzlich Ein Gef\u00fchl von Freiheit weckt in mir das Kind<\/p>\n","protected":false},"author":2,"featured_media":0,"parent":82,"menu_order":0,"comment_status":"closed","ping_status":"closed","template":"","meta":{"footnotes":""},"class_list":["post-704","page","type-page","status-publish","hentry"],"_links":{"self":[{"href":"https:\/\/www.irland-fan.de\/index.php?rest_route=\/wp\/v2\/pages\/704","targetHints":{"allow":["GET"]}}],"collection":[{"href":"https:\/\/www.irland-fan.de\/index.php?rest_route=\/wp\/v2\/pages"}],"about":[{"href":"https:\/\/www.irland-fan.de\/index.php?rest_route=\/wp\/v2\/types\/page"}],"author":[{"embeddable":true,"href":"https:\/\/www.irland-fan.de\/index.php?rest_route=\/wp\/v2\/users\/2"}],"replies":[{"embeddable":true,"href":"https:\/\/www.irland-fan.de\/index.php?rest_route=%2Fwp%2Fv2%2Fcomments&post=704"}],"version-history":[{"count":1,"href":"https:\/\/www.irland-fan.de\/index.php?rest_route=\/wp\/v2\/pages\/704\/revisions"}],"predecessor-version":[{"id":705,"href":"https:\/\/www.irland-fan.de\/index.php?rest_route=\/wp\/v2\/pages\/704\/revisions\/705"}],"up":[{"embeddable":true,"href":"https:\/\/www.irland-fan.de\/index.php?rest_route=\/wp\/v2\/pages\/82"}],"wp:attachment":[{"href":"https:\/\/www.irland-fan.de\/index.php?rest_route=%2Fwp%2Fv2%2Fmedia&parent=704"}],"curies":[{"name":"wp","href":"https:\/\/api.w.org\/{rel}","templated":true}]}}